{"id":3936,"date":"2023-09-27T16:38:12","date_gmt":"2023-09-27T16:38:12","guid":{"rendered":"https:\/\/testing-solution73.com\/linq\/nuestros-precios\/"},"modified":"2025-07-02T10:13:26","modified_gmt":"2025-07-02T10:13:26","slug":"el-nostres-preus","status":"publish","type":"page","link":"https:\/\/linqlanguage.es\/ca\/el-nostres-preus\/","title":{"rendered":"Els nostres preus"},"content":{"rendered":"<p>[vc_row awb_type=&#8221;image&#8221; awb_image_background_position=&#8221;50% 50%&#8221; awb_image=&#8221;3648&#8243;][vc_column][vc_empty_space height=&#8221;260px&#8221;][\/vc_column][\/vc_row][vc_row foundry_padding=&#8221;pt0 pb0&#8243; css=&#8221;.vc_custom_1695832690533{padding-top: 40px !important;}&#8221;][vc_column][vc_column_text css=&#8221;.vc_custom_1695919905702{padding-top: 25px !important;padding-bottom: 25px !important;}&#8221;]<\/p>\n<h1 style=\"text-align: left;\">Els nostres preus<\/h1>\n<h4 class=\"vc_custom_heading font-weight-bold align-left\">Oferim preus competitius. El preu per hora de classe impartida a la ciutat de Barcelona \u00e9s:<\/h4>\n<p>[\/vc_column_text][\/vc_column][\/vc_row][vc_row foundry_padding=&#8221;pt0 pb0&#8243;][vc_column width=&#8221;1\/2&#8243;][vc_column_text]<\/p>\n<h3 class=\"vc_custom_heading font-weight-bold align-left\">&#8211; Particulars:<\/h3>\n<p>[\/vc_column_text][vc_row_inner][vc_column_inner width=&#8221;1\/2&#8243;][vc_column_text]<\/p>\n<h3 class=\"vc_custom_heading font-weight-bold align-left\"><span style=\"color: #e9287a;\">26 \u20ac \/ classe:<\/span><\/h3>\n<p><span style=\"color: #66b17a;\">\u2713<\/span> <strong>de 1 a 2 alumnes per classe<\/strong>[\/vc_column_text][\/vc_column_inner][vc_column_inner width=&#8221;1\/2&#8243;][vc_column_text]<\/p>\n<h3 class=\"vc_custom_heading font-weight-bold align-left\"><span style=\"color: #e9287a;\">33 \u20ac \/ classe:<\/span><\/h3>\n<p><span style=\"color: #66b17a;\">\u2713<\/span> <strong>3+ alumnes<br \/>\nper classe<\/strong>[\/vc_column_text][\/vc_column_inner][\/vc_row_inner][\/vc_column][vc_column width=&#8221;1\/2&#8243;][\/vc_column][\/vc_row][vc_row foundry_padding=&#8221;pt0 pb0&#8243;][vc_column][vc_column_text]El preu indicat \u00e9s independent del nombre d\u2019alumnes.<\/p>\n<p><span style=\"color: #e9287a;\"><strong>Tamb\u00e9 oferim classes en l\u00ednia. Sol\u00b7liciti\u2019ns un pressupost sense comprom\u00eds.<\/strong><\/span>[\/vc_column_text][\/vc_column][\/vc_row][vc_row foundry_padding=&#8221;pt0 pb0&#8243;][vc_column][vc_separator color=&#8221;custom&#8221; accent_color=&#8221;#292929&#8243;][\/vc_column][\/vc_row][vc_row foundry_padding=&#8221;pt0 pb0&#8243;][vc_column width=&#8221;1\/2&#8243;][vc_column_text]<\/p>\n<h3 class=\"vc_custom_heading font-weight-bold align-left\">Cursos intensius:<\/h3>\n<p>[\/vc_column_text][\/vc_column][\/vc_row][vc_row foundry_padding=&#8221;pt0 pb0&#8243;][vc_column width=&#8221;1\/2&#8243;][vc_column_text]<\/p>\n<h3 class=\"vc_custom_heading font-weight-bold align-left\">&#8211; Particulars:<\/h3>\n<p>[\/vc_column_text][vc_row_inner][vc_column_inner][vc_column_text]<\/p>\n<h3 class=\"vc_custom_heading font-weight-bold align-left\"><span style=\"color: #e9287a;\">24 \u20ac \/ classe:<\/span><\/h3>\n<p><span style=\"color: #66b17a;\">\u2713<\/span> <strong>pagament mensual anticipat<\/strong>[\/vc_column_text][\/vc_column_inner][\/vc_row_inner][\/vc_column][vc_column width=&#8221;1\/2&#8243;][\/vc_column][\/vc_row][vc_row foundry_padding=&#8221;pt0 pb0&#8243;][vc_column][vc_separator color=&#8221;custom&#8221; accent_color=&#8221;#292929&#8243;][\/vc_column][\/vc_row][vc_row foundry_padding=&#8221;pt0 pb0&#8243;][vc_column][vc_column_text]<\/p>\n<h2>Cursos Online:<\/h2>\n<p>[\/vc_column_text][\/vc_column][\/vc_row][vc_row foundry_padding=&#8221;pt0 pb0&#8243;][vc_column width=&#8221;1\/2&#8243;][vc_column_text]<\/p>\n<h3 class=\"vc_custom_heading font-weight-bold align-left\">&#8211; Particulars:<\/h3>\n<p>[\/vc_column_text][vc_row_inner][vc_column_inner][vc_column_text]<\/p>\n<h3 class=\"vc_custom_heading font-weight-bold align-left\"><span style=\"color: #e9287a;\">24 \u20ac \/ classe:<\/span><\/h3>\n<p><span style=\"color: #66b17a;\">\u2713<\/span> <strong>pagament mensual anticipat<\/strong>[\/vc_column_text][\/vc_column_inner][\/vc_row_inner][\/vc_column][vc_column width=&#8221;1\/2&#8243;][\/vc_column][\/vc_row][vc_row foundry_padding=&#8221;pt0 pb0&#8243;][vc_column][vc_column_text]<\/p>\n<div class=\"vc_row wpb_row row\">\n<div class=\"vc_column_container col-md-12\">\n<div class=\"wpb_wrapper vc_column-inner\">\n<div class=\"wpb_text_column wpb_content_element \">\n<div class=\"wpb_wrapper\">\n<p>* La primera hora de classe ser\u00e0 sense comprom\u00eds perqu\u00e8 pugui avaluar la qualitat de servei.<\/p>\n<p>* Pagament a la bestreta en la primera setmana de cada mes. NO ES PAGA MATRICULA.<\/p>\n<p>* Les classes anul\u00b7lades amb mes de 24hrs d\u2019antelaci\u00f3 podran ser recuperades el dia i hora que professor i alumnes estimin convenient.<\/p><\/div>\n<\/div>\n<\/div>\n<\/div>\n<\/div>\n<div class=\"vc_row wpb_row row\">\n<div class=\"vc_column_container col-md-12\">\n<div class=\"wpb_wrapper vc_column-inner\">\n<div class=\"porto-separator \">\n<hr class=\"separator-line align_center\" \/>\n<\/div>\n<\/div>\n<\/div>\n<\/div>\n<div class=\"vc_row wpb_row row\">\n<div class=\"vc_column_container col-md-12\">\n<div class=\"wpb_wrapper vc_column-inner\">\n<div class=\"wpb_text_column wpb_content_element \">\n<div class=\"wpb_wrapper\">\n<p>Per rebre informaci\u00f3 o per inscriure\u2019s en un curs d\u2019angl\u00e8s, posi\u2019s en contacte amb nosaltres<strong>\u00a0<a href=\"mailto:info@linqlanguage.es\">info@linqlanguage.es<\/a><\/strong><\/div>\n<\/div>\n<\/div>\n<\/div>\n<\/div>\n<p>[\/vc_column_text][\/vc_column][\/vc_row][vc_row foundry_padding=&#8221;pt0 pb0&#8243; css=&#8221;.vc_custom_1695849518473{padding-top: 40px !important;padding-bottom: 40px !important;background-image: url(https:\/\/linqlanguage.es\/wp-content\/uploads\/2023\/09\/letter-bg.jpg?id=3748) !important;}&#8221;][vc_column width=&#8221;1\/2&#8243;][vc_column_text]<\/p>\n<h4 style=\"text-align: left;\">&#8211; Missatge nosaltres<\/h4>\n<hr \/>\n<p>[\/vc_column_text][vc_column_text]Si esteu interessats en un dels cursos de LINQlanguage, feu clic al bot\u00f3 a continuaci\u00f3 per sol\u00b7licitar m\u00e9s informaci\u00f3. Et respondrem en un termini de 24 hores.<\/p>\n<h4 style=\"text-align: left;\"><\/h4>\n<p>[\/vc_column_text][vc_column_text]<\/p>\n<p style=\"text-align: left;\"><a class=\"btn\" href=\"mailto:info@linqlanguage.es?subject=Interesado (a) en mejorar: Angl\u00e8s\">Interesado (a) en mejorar: Angl\u00e8s<\/a><\/p>\n<p>[\/vc_column_text][vc_column_text]<\/p>\n<p style=\"text-align: left;\"><a class=\"btn\" href=\"mailto:info@linqlanguage.es?subject=Interesado (a) en mejorar: Alemany\">Interesado (a) en mejorar: Alemany<\/a><\/p>\n<p>[\/vc_column_text][vc_column_text]<\/p>\n<p style=\"text-align: left;\"><a class=\"btn\" href=\"mailto:info@linqlanguage.es?subject=Interesado (a) en mejorar: Espanyol\">Interesado (a) en mejorar: Espanyol<\/a><\/p>\n<p>[\/vc_column_text][vc_column_text]<\/p>\n<p style=\"text-align: left;\"><a class=\"btn\" href=\"mailto:info@linqlanguage.es?subject=Interesado (a) en mejorar: Franc\u00e8s\">Interesado (a) en mejorar: Franc\u00e8s<\/a><\/p>\n<p>[\/vc_column_text][vc_separator color=&#8221;white&#8221;][\/vc_column][vc_column width=&#8221;1\/2&#8243;][vc_column_text]<\/p>\n<h4 style=\"text-align: left;\">&#8211; Contacti amb nosaltres<\/h4>\n<hr \/>\n<p>[\/vc_column_text][vc_row_inner][vc_column_inner width=&#8221;1\/2&#8243;][vc_column_text]<\/p>\n<h4 class=\"vc_custom_heading m-b-xs align-left\">Truca&#8217;ns<\/h4>\n<div class=\"wpb_text_column wpb_content_element m-b-md\">\n<div class=\"wpb_wrapper\"><a class=\"text-decoration-none\" title=\"Ll\u00e1manos ahora\" href=\"tel:+34698470851\" target=\"_blank\" rel=\"noopener\"><span class=\"custom-call-to-action-2 text-color-light text-sm custom-opacity-font\">Tel: <span class=\"info text-lg\">0034 698 470 851<\/span><\/span><\/a><\/div>\n<\/div>\n<div class=\"wpb_text_column wpb_content_element \">\n<div class=\"wpb_wrapper\"><\/div>\n<\/div>\n<p>[\/vc_column_text][\/vc_column_inner][vc_column_inner width=&#8221;1\/2&#8243;][vc_column_text]<\/p>\n<h4 class=\"vc_custom_heading m-b-xs align-left\">E-Mail LINQ<\/h4>\n<div class=\"wpb_text_column wpb_content_element \">\n<div class=\"wpb_wrapper\"><a class=\"text-decoration-none\" title=\"Call Us\" href=\"https:\/\/linqlanguage.es\/info@linqlanguage.es\" target=\"_blank\" rel=\"noopener\"><span class=\"custom-call-to-action-2 text-color-light text-sm custom-opacity-font\"><span class=\"info text-lg\">info@linqlanguage.es<\/span><\/span><\/a><\/div>\n<\/div>\n<p>[\/vc_column_text][\/vc_column_inner][\/vc_row_inner][vc_separator color=&#8221;white&#8221;][vc_row_inner][vc_column_inner][vc_column_text]<\/p>\n<ul class=\"list-inline social-list\">\n<li>\n<h4>Social Media<\/h4>\n<\/li>\n<li><a href=\"https:\/\/www.instagram.com\/linqlanguage\/?hl=es\" target=\"_blank\" rel=\"noopener\"><br \/>\n<i class=\"ti-instagram\"><\/i><br \/>\n<\/a><\/li>\n<li><a href=\"https:\/\/www.facebook.com\/profile.php?id=100036881421424\" target=\"_blank\" rel=\"noopener\"><br \/>\n<i class=\"ti-facebook\"><\/i><br \/>\n<\/a><\/li>\n<li><a href=\"https:\/\/youtube.com\/channel\/UCv9cSPawMpY2s91No6Po46A\" target=\"_blank\" rel=\"noopener\"><br \/>\n<i class=\"ti-youtube\"><\/i><br \/>\n<\/a><\/li>\n<\/ul>\n<p>[\/vc_column_text][\/vc_column_inner][\/vc_row_inner][vc_video link=&#8221;https:\/\/www.youtube.com\/watch?v=-ROXE1iDC_Y&#8221;][\/vc_column][\/vc_row]<\/p>\n","protected":false},"excerpt":{"rendered":"<p>[vc_row awb_type=&#8221;image&#8221; awb_image_background_position=&#8221;50% 50%&#8221; awb_image=&#8221;3648&#8243;][vc_column][vc_empty_space height=&#8221;260px&#8221;][\/vc_column][\/vc_row][vc_row foundry_padding=&#8221;pt0 pb0&#8243; css=&#8221;.vc_custom_1695832690533{padding-top: 40px !important;}&#8221;][vc_column][vc_column_text css=&#8221;.vc_custom_1695919905702{padding-top: 25px !important;padding-bottom: 25px !important;}&#8221;] Els nostres preus Oferim preus&#8230;<\/p>\n","protected":false},"author":1,"featured_media":0,"parent":0,"menu_order":0,"comment_status":"closed","ping_status":"closed","template":"","meta":{"footnotes":""},"class_list":["post-3936","page","type-page","status-publish","hentry"],"_links":{"self":[{"href":"https:\/\/linqlanguage.es\/ca\/wp-json\/wp\/v2\/pages\/3936","targetHints":{"allow":["GET"]}}],"collection":[{"href":"https:\/\/linqlanguage.es\/ca\/wp-json\/wp\/v2\/pages"}],"about":[{"href":"https:\/\/linqlanguage.es\/ca\/wp-json\/wp\/v2\/types\/page"}],"author":[{"embeddable":true,"href":"https:\/\/linqlanguage.es\/ca\/wp-json\/wp\/v2\/users\/1"}],"replies":[{"embeddable":true,"href":"https:\/\/linqlanguage.es\/ca\/wp-json\/wp\/v2\/comments?post=3936"}],"version-history":[{"count":5,"href":"https:\/\/linqlanguage.es\/ca\/wp-json\/wp\/v2\/pages\/3936\/revisions"}],"predecessor-version":[{"id":4408,"href":"https:\/\/linqlanguage.es\/ca\/wp-json\/wp\/v2\/pages\/3936\/revisions\/4408"}],"wp:attachment":[{"href":"https:\/\/linqlanguage.es\/ca\/wp-json\/wp\/v2\/media?parent=3936"}],"curies":[{"name":"wp","href":"https:\/\/api.w.org\/{rel}","templated":true}]}}