{"id":4285,"date":"2023-12-06T10:50:21","date_gmt":"2023-12-06T10:50:21","guid":{"rendered":"https:\/\/linqlanguage.es\/?page_id=4285"},"modified":"2023-12-06T11:00:58","modified_gmt":"2023-12-06T11:00:58","slug":"cookies-i-politica-de-privadesa","status":"publish","type":"page","link":"https:\/\/linqlanguage.es\/ca\/cookies-i-politica-de-privadesa\/","title":{"rendered":"Cookies i Pol\u00edtica de Privadesa"},"content":{"rendered":"<h3>Cookies i Pol\u00edtica de Privadesa<\/h3>\n<p>\u00abLINQlanguage\u00bb es compromet a protegir i salvaguardar les vostres dades personals. Com a part d&#8217;aquest comprom\u00eds, hem actualitzat la nostra pol\u00edtica de privadesa i av\u00eds de galetes per complir amb els alts est\u00e0ndards de la nova llei europea de protecci\u00f3 de dades, coneguda com el Reglament General de Protecci\u00f3 de Dades (RGPD).<\/p>\n<p>POL\u00cdTICA DE COOKIES<\/p>\n<p>Qu\u00e8 s\u00f3n les cookies Les cookies s\u00f3n petits arxius de text que els llocs web que visita col\u00b7loquen al vostre ordinador. S\u00f3n \u00e0mpliament utilitzats per fer que els llocs web funcionin o funcionin de manera m\u00e9s eficient, aix\u00ed com per proporcionar informaci\u00f3 als propietaris del lloc.<br \/>\nAquestes les cookies en \u00fas a https:\/\/linqlanguage.es\/<br \/>\nGoogle AnalyticsGoogle Analytics \u00e9s una eina simple i f\u00e0cil dutilitzar que ajuda els propietaris de llocs web a mesurar la interacci\u00f3 dels usuaris amb el contingut del lloc web.<br \/>\nPer no ser rastrejat per Google Analytics als llocs web, utilitzeu l&#8217;add-on del navegador que bloca el rastreig de Google Analytics.<br \/>\nPer obtenir m\u00e9s informaci\u00f3 sobre l&#8217;\u00fas de galetes de Google, visiteu la p\u00e0gina d&#8217;\u00fas de galetes de Google.<br \/>\nWordfenceLes galetes de seguretat sutilitzen per protegir el lloc contra atacs maliciosos verificant si les persones es comporten com a robots o persones, al mateix temps que guarden informaci\u00f3 sobre la seva ubicaci\u00f3 geogr\u00e0fica.<br \/>\nA \u00abLINQlanguage\u00bb, intentem ser el m\u00e9s transparents possible amb la nostra pol\u00edtica de cookies. Cal assenyalar que les galetes de tercers estan subjectes a canvis, per\u00f2 ens esfor\u00e7arem per controlar aquests canvis i actualitzar aquest av\u00eds segons calgui.<\/p>\n<p>POL\u00cdTICA DE PRIVACITAT<\/p>\n<p>Declaraci\u00f3 general \u00abLINQlanguage\u00bb S&#8217;informa als visitants que cada cop que es visita https:\/\/linqlanguage.es\/, es poden conservar dos nivells diferents d&#8217;informaci\u00f3 general. El primer nivell \u00e9s informaci\u00f3 personal o particular per a un visitant espec\u00edfic que sabent tria proporcionar aquesta informaci\u00f3. El segon compr\u00e8n informaci\u00f3 estad\u00edstica recopilada i agregada a una base no personal espec\u00edfica de tots els visitants del lloc.<\/p>\n<p>Qui som? LINQlanguage<\/p>\n<p>Recol\u00b7lecci\u00f3 i \u00fas d&#8217;informaci\u00f3 personal A trav\u00e9s dels formularis de contacte a https:\/\/linqlanguage.es\/, l&#8217;usuari t\u00e9 l&#8217;oportunitat d&#8217;enviar-nos informaci\u00f3. En enviar les vostres dades, ens est\u00e0 proporcionant algun nivell d&#8217;informaci\u00f3 personal. Aquesta informaci\u00f3 no s&#8217;emmagatzema a la nostra base de dades del lloc web, per\u00f2 les vostres dades s&#8217;envien per correu electr\u00f2nic a l&#8217;adre\u00e7a de correu del lloc web on es guarden, perqu\u00e8 puguem respondre a la seva consulta. A m\u00e9s, podem utilitzar les seves dades de contacte per enviar material de m\u00e0rqueting en el futur. Podeu donar-vos de baixa de qualsevol correu electr\u00f2nic que rebeu despr\u00e9s de la primera resposta. LINQlanguage no passa les dades a cap tercer.<\/p>\n<p>Com recopilem la vostra informaci\u00f3?<\/p>\n<p>Quan es comunica amb nosaltres, fa una reserva o envia informaci\u00f3 per demanar feina a trav\u00e9s del nostre lloc web. La informaci\u00f3 que es recopila \u00e9s:<\/p>\n<p>\u2022 t\u00edtol<br \/>\n\u2022 nom<br \/>\n\u2022 adre\u00e7a de correu electr\u00f2nic (utilitzada per a la confirmaci\u00f3 de la reserva i qualsevol correu electr\u00f2nic de comentaris posteriors al sopar)<br \/>\n\u2022 adre\u00e7a del domicili o treball<br \/>\n\u2022 informaci\u00f3 de facturaci\u00f3 presa per a dip\u00f2sits, per exemple, el n\u00famero de la targeta de cr\u00e8dit per al seu \u00fas en cas de no-show (quan correspongui)<br \/>\n\u2022 n\u00famero de tel\u00e8fon<br \/>\n\u2022 nom de l&#8217;empresa<br \/>\n\u2022 prefer\u00e8ncies de m\u00e0rqueting (ja sigui la seva acceptaci\u00f3 o rebuig)<br \/>\n\u2022 Curriculum Vitae (dades personals que inclouen detalls d&#8217;ocupaci\u00f3 anteriors)<\/p>\n<p>Teniu dret a retirar-nos el consentiment perqu\u00e8 usem les vostres dades personals en qualsevol moment i per sol\u00b7licitar-ne l&#8217;eliminaci\u00f3. No conservem les vostres dades personals m\u00e9s del necessari i nom\u00e9s pels motius pels quals es van recopilar per primera vegada. Qualsevol sol\u00b7licitud d&#8217;aquest tipus s&#8217;ha de fer a la seg\u00fcent adre\u00e7a electr\u00f2nica: info@linqlanguage.es<\/p>\n<p>Qui t\u00e9 acc\u00e9s a la vostra informaci\u00f3?<\/p>\n<p>LINQlanguage no comparteix, ven, distribueix o lloga la vostra informaci\u00f3 personal a tercers. Qualsevol informaci\u00f3 personal que sol\u00b7licitem de vost\u00e8 estar\u00e0 protegida sota la legislaci\u00f3 actual.<br \/>\nEl nostre lloc web cont\u00e9 enlla\u00e7os a altres llocs web com Paypal, Facebook, Twitter, Google, Instagram o YouTube. Tingueu en compte que no tenim control sobre com altres llocs web recopilen, emmagatzemen o utilitzen les vostres dades, i us recomanem que consulteu les pol\u00edtiques de privadesa d&#8217;aquests llocs web abans de proporcionar-vos informaci\u00f3.<br \/>\nRecull i \u00fas de dades estad\u00edstiques no personalsLa informaci\u00f3 estad\u00edstica i anal\u00edtica proporciona informaci\u00f3 general sobre el nombre de persones que visiten https:\/\/linqlanguage.es\/\u2022 La quantitat de persones que tornen a aquest lloc\u2022 Les p\u00e0gines que visiten\u2022 On eren abans que arribessin a aquest lloc i la p\u00e0gina on naveguen a continuaci\u00f3Aquesta informaci\u00f3 ens ajuda a controlar el tr\u00e0nsit al lloc web perqu\u00e8 puguem administrar la seva capacitat i efici\u00e8ncia. Tamb\u00e9 ens ajuda a comprendre quines parts del lloc s\u00f3n m\u00e9s populars i avaluar el comportament i les caracter\u00edstiques de l&#8217;usuari per tal de mesurar l&#8217;inter\u00e8s i l&#8217;\u00fas de les diverses \u00e0rees del lloc web LINQlanguage.<\/p>\n<p>YouTube<br \/>\nEls v\u00eddeos de YouTube que es mostren en aquest lloc inclouen la capacitat de Compartir el v\u00eddeo directament a https:\/\/linqlanguage.es\/. Si escolliu interactuar amb aquestes funcions, es connectar\u00e0 amb youtube.com, que pot recopilar la vostra adre\u00e7a IP, el vostre agent d&#8217;usuari del navegador web, incorporar seguiment addicional i controlar la vostra interacci\u00f3 amb el giny, inclosa la correlaci\u00f3 del vostre compte de xarxes socials. amb qualsevol acci\u00f3 que realitzeu dins del giny (com \u00abcompartir\u00bb un v\u00eddeo), si heu iniciat sessi\u00f3 a Google. Per obtenir m\u00e9s informaci\u00f3 sobre com es poden utilitzar aquestes dades, consulteu la pol\u00edtica de privadesa de dades de YouTube:\u00a0YouTubes\u2019s Pol\u00edtica de privadesa de dades.<\/p>\n<p>Aquesta p\u00e0gina de galetes i pol\u00edtica de privadesa es va actualitzar per \u00faltima vegada el Nov 23.<\/p>\n","protected":false},"excerpt":{"rendered":"<p>Cookies i Pol\u00edtica de Privadesa \u00abLINQlanguage\u00bb es compromet a protegir i salvaguardar les vostres dades personals. Com a part d&#8217;aquest comprom\u00eds,&#8230;<\/p>\n","protected":false},"author":1,"featured_media":0,"parent":0,"menu_order":0,"comment_status":"closed","ping_status":"closed","template":"","meta":{"footnotes":""},"class_list":["post-4285","page","type-page","status-publish","hentry"],"_links":{"self":[{"href":"https:\/\/linqlanguage.es\/ca\/wp-json\/wp\/v2\/pages\/4285","targetHints":{"allow":["GET"]}}],"collection":[{"href":"https:\/\/linqlanguage.es\/ca\/wp-json\/wp\/v2\/pages"}],"about":[{"href":"https:\/\/linqlanguage.es\/ca\/wp-json\/wp\/v2\/types\/page"}],"author":[{"embeddable":true,"href":"https:\/\/linqlanguage.es\/ca\/wp-json\/wp\/v2\/users\/1"}],"replies":[{"embeddable":true,"href":"https:\/\/linqlanguage.es\/ca\/wp-json\/wp\/v2\/comments?post=4285"}],"version-history":[{"count":5,"href":"https:\/\/linqlanguage.es\/ca\/wp-json\/wp\/v2\/pages\/4285\/revisions"}],"predecessor-version":[{"id":4296,"href":"https:\/\/linqlanguage.es\/ca\/wp-json\/wp\/v2\/pages\/4285\/revisions\/4296"}],"wp:attachment":[{"href":"https:\/\/linqlanguage.es\/ca\/wp-json\/wp\/v2\/media?parent=4285"}],"curies":[{"name":"wp","href":"https:\/\/api.w.org\/{rel}","templated":true}]}}