{"id":4412,"date":"2025-07-10T13:19:43","date_gmt":"2025-07-10T13:19:43","guid":{"rendered":"https:\/\/linqlanguage.es\/?page_id=4412"},"modified":"2025-12-02T21:49:07","modified_gmt":"2025-12-02T21:49:07","slug":"bonus-fundae","status":"publish","type":"page","link":"https:\/\/linqlanguage.es\/ca\/bonus-fundae\/","title":{"rendered":"FUNDAE bonus"},"content":{"rendered":"<p>[vc_row awb_type=&#8221;image&#8221; awb_image_background_position=&#8221;50% 50%&#8221; awb_image=&#8221;4415&#8243;][vc_column][vc_empty_space height=&#8221;260px&#8221;][\/vc_column][\/vc_row][vc_row foundry_padding=&#8221;pt0 pb0&#8243; css=&#8221;.vc_custom_1695597018797{padding-top: 40px !important;padding-bottom: 40px !important;}&#8221;][vc_column][vc_column_text css=&#8221;.vc_custom_1752153763987{padding-top: 25px !important;padding-bottom: 25px !important;}&#8221;]<\/p>\n<h2 style=\"text-align: center;\">Sabies que pots formar el teu equip sense cap cost gr\u00e0cies a FUNDAE?<\/h2>\n<p>A LINQ Language t\u2019ajudem a aprofitar el cr\u00e8dit formatiu disponible per a la teva empresa a trav\u00e9s de la Fundaci\u00f3 Estatal (FUNDAE). Ens encarreguem de <strong>tota la gesti\u00f3 administrativa<\/strong>, des del c\u00e0lcul del cr\u00e8dit fins a la justificaci\u00f3 final, perqu\u00e8 tu nom\u00e9s t\u2019hagis de preocupar del m\u00e9s important: <strong>formar el teu equip<\/strong>.<\/p>\n<p style=\"text-align: center;\">Treballem amb <strong>experts en FUNDAE<\/strong> i acompanyem el teu departament de RRHH durant tot el proc\u00e9s. Tant si es tracta de classes d\u2019angl\u00e8s, alemany, catal\u00e0 o qualsevol altre idioma, <strong>t\u2019ajudem a finan\u00e7ar la formaci\u00f3 sense complicacions<\/strong>.<\/p>\n<p>[\/vc_column_text][vc_separator color=&#8221;custom&#8221; accent_color=&#8221;#292929&#8243;][\/vc_column][\/vc_row][vc_row foundry_padding=&#8221;pt0 pb0&#8243; css=&#8221;.vc_custom_1695849518473{padding-top: 40px !important;padding-bottom: 40px !important;background-image: url(https:\/\/linqlanguage.es\/wp-content\/uploads\/2023\/09\/letter-bg.jpg?id=3748) !important;}&#8221;][vc_column width=&#8221;1\/2&#8243;][vc_column_text]<\/p>\n<h4 style=\"text-align: left;\">&#8211; Missatge nosaltres<\/h4>\n<hr \/>\n<p>[\/vc_column_text][vc_column_text]Si esteu interessats en un dels cursos de LINQlanguage, feu clic al bot\u00f3 a continuaci\u00f3 per sol\u00b7licitar m\u00e9s informaci\u00f3. Et respondrem en un termini de 24 hores.<\/p>\n<h4 style=\"text-align: left;\"><\/h4>\n<p>[\/vc_column_text][vc_column_text]<\/p>\n<p style=\"text-align: left;\"><a class=\"btn\" href=\"mailto:info@linqlanguage.es?subject=Interesado (a) en mejorar: Angl\u00e8s\">Interesado (a) en mejorar: Angl\u00e8s<\/a><\/p>\n<p>[\/vc_column_text][vc_column_text]<\/p>\n<p style=\"text-align: left;\"><a class=\"btn\" href=\"mailto:info@linqlanguage.es?subject=Interesado (a) en mejorar: Alemany\">Interesado (a) en mejorar: Alemany<\/a><\/p>\n<p>[\/vc_column_text][vc_column_text]<\/p>\n<p style=\"text-align: left;\"><a class=\"btn\" href=\"mailto:info@linqlanguage.es?subject=Interesado (a) en mejorar: Espanyol\">Interesado (a) en mejorar: Espanyol<\/a><\/p>\n<p>[\/vc_column_text][vc_column_text]<\/p>\n<p style=\"text-align: left;\"><a class=\"btn\" href=\"mailto:info@linqlanguage.es?subject=Interesado (a) en mejorar: Franc\u00e8s\">Interesado (a) en mejorar: Franc\u00e8s<\/a><\/p>\n<p>[\/vc_column_text][vc_separator color=&#8221;white&#8221;][\/vc_column][vc_column width=&#8221;1\/2&#8243;][vc_column_text]<\/p>\n<h4 style=\"text-align: left;\">&#8211; Contacti amb nosaltres<\/h4>\n<hr \/>\n<p>[\/vc_column_text][vc_row_inner][vc_column_inner width=&#8221;1\/2&#8243;][vc_column_text]<\/p>\n<h4 class=\"vc_custom_heading m-b-xs align-left\">Truca&#8217;ns<\/h4>\n<div class=\"wpb_text_column wpb_content_element m-b-md\">\n<div class=\"wpb_wrapper\"><a class=\"text-decoration-none\" title=\"Ll\u00e1manos ahora\" href=\"tel:+34698470851\" target=\"_blank\" rel=\"noopener\"><span class=\"custom-call-to-action-2 text-color-light text-sm custom-opacity-font\">Tel: <span class=\"info text-lg\">0034 698 470 851<\/span><\/span><\/a><\/div>\n<\/div>\n<div class=\"wpb_text_column wpb_content_element \">\n<div class=\"wpb_wrapper\"><\/div>\n<\/div>\n<p>[\/vc_column_text][\/vc_column_inner][vc_column_inner width=&#8221;1\/2&#8243;][vc_column_text]<\/p>\n<h4 class=\"vc_custom_heading m-b-xs align-left\">E-Mail LINQ<\/h4>\n<div class=\"wpb_text_column wpb_content_element \">\n<div class=\"wpb_wrapper\"><a class=\"text-decoration-none\" title=\"Call Us\" href=\"https:\/\/linqlanguage.es\/info@linqlanguage.es\" target=\"_blank\" rel=\"noopener\"><span class=\"custom-call-to-action-2 text-color-light text-sm custom-opacity-font\"><span class=\"info text-lg\">info@linqlanguage.es<\/span><\/span><\/a><\/div>\n<\/div>\n<p>[\/vc_column_text][\/vc_column_inner][\/vc_row_inner][vc_separator color=&#8221;white&#8221;][vc_row_inner][vc_column_inner][vc_column_text]<\/p>\n<ul class=\"list-inline social-list\">\n<li>\n<h4>Social Media<\/h4>\n<\/li>\n<li><a href=\"https:\/\/www.instagram.com\/linqlanguage\/?hl=es\" target=\"_blank\" rel=\"noopener\"><br \/>\n<i class=\"ti-instagram\"><\/i><br \/>\n<\/a><\/li>\n<li><a href=\"https:\/\/www.facebook.com\/profile.php?id=100036881421424\" target=\"_blank\" rel=\"noopener\"><br \/>\n<i class=\"ti-facebook\"><\/i><br \/>\n<\/a><\/li>\n<li><a href=\"https:\/\/youtube.com\/channel\/UCv9cSPawMpY2s91No6Po46A\" target=\"_blank\" rel=\"noopener\"><br \/>\n<i class=\"ti-youtube\"><\/i><br \/>\n<\/a><\/li>\n<\/ul>\n<p>[\/vc_column_text][\/vc_column_inner][\/vc_row_inner][vc_video link=&#8221;https:\/\/www.youtube.com\/watch?v=-ROXE1iDC_Y&#8221;][\/vc_column][\/vc_row]<\/p>\n","protected":false},"excerpt":{"rendered":"<p>[vc_row awb_type=&#8221;image&#8221; awb_image_background_position=&#8221;50% 50%&#8221; awb_image=&#8221;4415&#8243;][vc_column][vc_empty_space height=&#8221;260px&#8221;][\/vc_column][\/vc_row][vc_row foundry_padding=&#8221;pt0 pb0&#8243; css=&#8221;.vc_custom_1695597018797{padding-top: 40px !important;padding-bottom: 40px !important;}&#8221;][vc_column][vc_column_text css=&#8221;.vc_custom_1752153763987{padding-top: 25px !important;padding-bottom: 25px !important;}&#8221;] Sabies que pots&#8230;<\/p>\n","protected":false},"author":1,"featured_media":0,"parent":0,"menu_order":0,"comment_status":"closed","ping_status":"closed","template":"","meta":{"footnotes":""},"class_list":["post-4412","page","type-page","status-publish","hentry"],"_links":{"self":[{"href":"https:\/\/linqlanguage.es\/ca\/wp-json\/wp\/v2\/pages\/4412","targetHints":{"allow":["GET"]}}],"collection":[{"href":"https:\/\/linqlanguage.es\/ca\/wp-json\/wp\/v2\/pages"}],"about":[{"href":"https:\/\/linqlanguage.es\/ca\/wp-json\/wp\/v2\/types\/page"}],"author":[{"embeddable":true,"href":"https:\/\/linqlanguage.es\/ca\/wp-json\/wp\/v2\/users\/1"}],"replies":[{"embeddable":true,"href":"https:\/\/linqlanguage.es\/ca\/wp-json\/wp\/v2\/comments?post=4412"}],"version-history":[{"count":4,"href":"https:\/\/linqlanguage.es\/ca\/wp-json\/wp\/v2\/pages\/4412\/revisions"}],"predecessor-version":[{"id":4471,"href":"https:\/\/linqlanguage.es\/ca\/wp-json\/wp\/v2\/pages\/4412\/revisions\/4471"}],"wp:attachment":[{"href":"https:\/\/linqlanguage.es\/ca\/wp-json\/wp\/v2\/media?parent=4412"}],"curies":[{"name":"wp","href":"https:\/\/api.w.org\/{rel}","templated":true}]}}