{"id":3953,"date":"2023-09-24T21:52:35","date_gmt":"2023-09-24T21:52:35","guid":{"rendered":"https:\/\/testing-solution73.com\/linq\/ninos-y-adolescentes\/"},"modified":"2024-10-28T08:51:33","modified_gmt":"2024-10-28T08:51:33","slug":"children-and-teenagers","status":"publish","type":"page","link":"https:\/\/linqlanguage.es\/en\/children-and-teenagers\/","title":{"rendered":"Children and teenagers"},"content":{"rendered":"<p>[vc_row awb_type=&#8221;image&#8221; awb_image_background_position=&#8221;50% 50%&#8221; awb_image=&#8221;3564&#8243;][vc_column][vc_empty_space height=&#8221;260px&#8221;][\/vc_column][\/vc_row][vc_row foundry_padding=&#8221;pt0 pb0&#8243; css=&#8221;.vc_custom_1694781902560{padding-top: 40px !important;}&#8221;][vc_column][vc_column_text css=&#8221;.vc_custom_1701437013418{padding-top: 25px !important;padding-bottom: 25px !important;}&#8221;]<\/p>\n<h1 class=\"vc_custom_heading font-weight-bold align-left\" style=\"text-align: center;\">Courses for children and teenagers<\/h1>\n<div class=\"wpb_text_column wpb_content_element \">\n<div class=\"wpb_wrapper\">\n<h5 style=\"text-align: center;\">Our Kids and Teens program for children and teenagers focuses on teaching children from 3-14 years. Courses for children are based on the concept of immersion: children learn through games, songs, role -play and practical activities. Our natural approach makes learning not only fun, but also effective.<\/h5>\n<p style=\"text-align: center;\">At the same time, we are committed to academic success by offering classes and preparation for official exams such as Cambridge, DELF \/ DALF Goethe and DELE.<\/p>\n<p style=\"text-align: center;\">In LINQ we understand that it is important that children have fun while learning. For the younger children aged 3-6 we conduct the course PLAYTIME. This program provides a learning environment in which children use all their senses. The session is developed entirely in English, French , German or Spanish with a native, experienced and creative teacher who offers activities such as painting, drawing, crafts, singing and reading.<\/p>\n<\/div>\n<\/div>\n<p>[\/vc_column_text][\/vc_column][\/vc_row][vc_row css=&#8221;.vc_custom_1695849638123{background-image: url(https:\/\/linqlanguage.es\/wp-content\/uploads\/2023\/09\/letter-bg.jpg?id=3748) !important;background-position: 0 0 !important;background-repeat: no-repeat !important;}&#8221;][vc_column][vc_row_inner][vc_column_inner][vc_column_text]<\/p>\n<h3 class=\"vc_custom_heading font-weight-bold align-left\" style=\"text-align: center;\">Ingl\u00e9s extraescolar<\/h3>\n<div class=\"wpb_text_column wpb_content_element \">\n<div class=\"wpb_wrapper\">\n<p style=\"text-align: center;\">En los extraescolares de ingl\u00e9s para colegios, los alumnos reciben clase en el propio escuela, bien durante el descanso de la hora de la comida, o por la tarde despu\u00e9s de las clases.<\/p>\n<\/div>\n<\/div>\n<p>[\/vc_column_text][\/vc_column_inner][\/vc_row_inner][\/vc_column][\/vc_row][vc_row css=&#8221;.vc_custom_1695592394277{background-position: 0 0 !important;background-repeat: no-repeat !important;}&#8221;][vc_column][vc_row_inner][vc_column_inner][vc_column_text]<\/p>\n<h3 style=\"text-align: center;\">Objetivos generales del programa<\/h3>\n<p style=\"text-align: center;\">Fomentar el inter\u00e9s en aprender ingl\u00e9s y disfrutar haci\u00e9ndolo, que es la clave para un aprendizaje continuado y efectivo. Esto es muy importante ya desde los niveles iniciales (3-4 a\u00f1os) donde es mayor la capacidad de asimilaci\u00f3n y la receptividad al aprendizaje de un segundo idioma.<\/p>\n<p style=\"text-align: center;\">Proporcionar una base s\u00f3lida de ingl\u00e9s en t\u00e9rminos de desarrollo de las destrezas comunicativas, la gram\u00e1tica, el vocabulario y la pronunciaci\u00f3n, que ser\u00e1 muy \u00fatil a los alumnos de cara al previsible aumento de importancia del ingl\u00e9s en las pruebas oficiales (Selectividad, etc..)<\/p>\n<p style=\"text-align: center;\">Potenciar en los alumnos el deseo de comunicarse en ingl\u00e9s, y desarrollar su autonom\u00eda para dar respuesta a esta necesidad.<\/p>\n<p style=\"text-align: center;\">Nuestros alumnos pueden preparar los ex\u00e1menes de la Universidad de Cambridge para\u00a0 Young Leaners (Starters, Movers y Flyers), as\u00ed como los alumnos m\u00e1s mayores pueden preparar el KET, PET y FCE (First Certificate). Asesoramos a los padres sobre la conveniencia o inter\u00e9s de hacerlo en cada caso.<\/p>\n<p style=\"text-align: center;\">Para m\u00e1s informaci\u00f3n\u00a0 o para solicitar un presupuesto sin compromiso: info@linqlanguage.es<\/p>\n<p>[\/vc_column_text][\/vc_column_inner][\/vc_row_inner][\/vc_column][\/vc_row][vc_row foundry_padding=&#8221;pt0 pb0&#8243; css=&#8221;.vc_custom_1695849505373{padding-top: 40px !important;padding-bottom: 40px !important;background-image: url(https:\/\/linqlanguage.es\/wp-content\/uploads\/2023\/09\/letter-bg.jpg?id=3748) !important;}&#8221;][vc_column width=&#8221;1\/2&#8243;][vc_column_text]<\/p>\n<h4 style=\"text-align: left;\">&#8211; Message LINQ<\/h4>\n<hr \/>\n<p>[\/vc_column_text][vc_column_text]If you\u2019re interested in one of\u00a0<b>LINQlanguage<\/b>\u2018s courses, please click a button below. We will get back to you within 24 hours.<\/p>\n<h4 style=\"text-align: left;\"><\/h4>\n<p>[\/vc_column_text][vc_column_text]<\/p>\n<p style=\"text-align: left;\"><a class=\"btn\" href=\"mailto:info@linqlanguage.es?subject=Interested in improving: English\">Interested in improving: English<\/a><\/p>\n<p>[\/vc_column_text][vc_column_text]<\/p>\n<p style=\"text-align: left;\"><a class=\"btn\" href=\"mailto:info@linqlanguage.es?subject=Interested in improving: German\">Interested in improving: German<\/a><\/p>\n<p>[\/vc_column_text][vc_column_text]<\/p>\n<p style=\"text-align: left;\"><a class=\"btn\" href=\"mailto:info@linqlanguage.es?subject=Interested in improving: Spanish\">Interested in improving: Spanish<\/a><\/p>\n<p>[\/vc_column_text][vc_column_text]<\/p>\n<p style=\"text-align: left;\"><a class=\"btn\" href=\"mailto:info@linqlanguage.es?subject=Interested in improving: French\">Interested in improving: French<\/a><\/p>\n<p>[\/vc_column_text][vc_separator color=&#8221;white&#8221;][\/vc_column][vc_column width=&#8221;1\/2&#8243;][vc_column_text]<\/p>\n<h4 style=\"text-align: left;\">&#8211; Contact Us<\/h4>\n<hr \/>\n<p>[\/vc_column_text][vc_row_inner][vc_column_inner width=&#8221;1\/2&#8243;][vc_column_text]<\/p>\n<h4 class=\"vc_custom_heading m-b-xs align-left\">Call LINQ<\/h4>\n<div class=\"wpb_text_column wpb_content_element m-b-md\">\n<div class=\"wpb_wrapper\"><a class=\"text-decoration-none\" title=\"Ll\u00e1manos ahora\" href=\"tel:+34698470851\" target=\"_blank\" rel=\"noopener\"><span class=\"custom-call-to-action-2 text-color-light text-sm custom-opacity-font\">Tel: <span class=\"info text-lg\">0034 698 470 851<\/span><\/span><\/a><\/div>\n<\/div>\n<div class=\"wpb_text_column wpb_content_element \">\n<div class=\"wpb_wrapper\"><\/div>\n<\/div>\n<p>[\/vc_column_text][\/vc_column_inner][vc_column_inner width=&#8221;1\/2&#8243;][vc_column_text]<\/p>\n<h4 class=\"vc_custom_heading m-b-xs align-left\">E-Mail LINQ<\/h4>\n<div class=\"wpb_text_column wpb_content_element \">\n<div class=\"wpb_wrapper\"><a class=\"text-decoration-none\" title=\"Call Us\" href=\"https:\/\/linqlanguage.es\/info@linqlanguage.es\" target=\"_blank\" rel=\"noopener\"><span class=\"custom-call-to-action-2 text-color-light text-sm custom-opacity-font\"><span class=\"info text-lg\">info@linqlanguage.es<\/span><\/span><\/a><\/div>\n<\/div>\n<p>[\/vc_column_text][\/vc_column_inner][\/vc_row_inner][vc_separator color=&#8221;white&#8221;][vc_row_inner][vc_column_inner][vc_column_text]<\/p>\n<ul class=\"list-inline social-list\">\n<li>\n<h4>Social Media<\/h4>\n<\/li>\n<li><a href=\"https:\/\/www.instagram.com\/linqlanguage\/?hl=es\" target=\"_blank\" rel=\"noopener\"><br \/>\n<i class=\"ti-instagram\"><\/i><br \/>\n<\/a><\/li>\n<li><a href=\"https:\/\/www.facebook.com\/profile.php?id=100036881421424\" target=\"_blank\" rel=\"noopener\"><br \/>\n<i class=\"ti-facebook\"><\/i><br \/>\n<\/a><\/li>\n<li><a href=\"https:\/\/youtube.com\/channel\/UCv9cSPawMpY2s91No6Po46A\" target=\"_blank\" rel=\"noopener\"><br \/>\n<i class=\"ti-youtube\"><\/i><br \/>\n<\/a><\/li>\n<\/ul>\n<p>[\/vc_column_text][\/vc_column_inner][\/vc_row_inner][vc_video link=&#8221;https:\/\/www.youtube.com\/watch?v=-ROXE1iDC_Y&#8221;][\/vc_column][\/vc_row]<\/p>\n","protected":false},"excerpt":{"rendered":"<p>[vc_row awb_type=&#8221;image&#8221; awb_image_background_position=&#8221;50% 50%&#8221; awb_image=&#8221;3564&#8243;][vc_column][vc_empty_space height=&#8221;260px&#8221;][\/vc_column][\/vc_row][vc_row foundry_padding=&#8221;pt0 pb0&#8243; css=&#8221;.vc_custom_1694781902560{padding-top: 40px !important;}&#8221;][vc_column][vc_column_text css=&#8221;.vc_custom_1701437013418{padding-top: 25px !important;padding-bottom: 25px !important;}&#8221;] Courses for children and teenagers&#8230;<\/p>\n","protected":false},"author":1,"featured_media":0,"parent":0,"menu_order":0,"comment_status":"closed","ping_status":"closed","template":"","meta":{"footnotes":""},"class_list":["post-3953","page","type-page","status-publish","hentry"],"_links":{"self":[{"href":"https:\/\/linqlanguage.es\/en\/wp-json\/wp\/v2\/pages\/3953","targetHints":{"allow":["GET"]}}],"collection":[{"href":"https:\/\/linqlanguage.es\/en\/wp-json\/wp\/v2\/pages"}],"about":[{"href":"https:\/\/linqlanguage.es\/en\/wp-json\/wp\/v2\/types\/page"}],"author":[{"embeddable":true,"href":"https:\/\/linqlanguage.es\/en\/wp-json\/wp\/v2\/users\/1"}],"replies":[{"embeddable":true,"href":"https:\/\/linqlanguage.es\/en\/wp-json\/wp\/v2\/comments?post=3953"}],"version-history":[{"count":2,"href":"https:\/\/linqlanguage.es\/en\/wp-json\/wp\/v2\/pages\/3953\/revisions"}],"predecessor-version":[{"id":4378,"href":"https:\/\/linqlanguage.es\/en\/wp-json\/wp\/v2\/pages\/3953\/revisions\/4378"}],"wp:attachment":[{"href":"https:\/\/linqlanguage.es\/en\/wp-json\/wp\/v2\/media?parent=3953"}],"curies":[{"name":"wp","href":"https:\/\/api.w.org\/{rel}","templated":true}]}}