{"id":3955,"date":"2023-09-24T19:43:10","date_gmt":"2023-09-24T19:43:10","guid":{"rendered":"https:\/\/testing-solution73.com\/linq\/seminarios-de-ingles-tecnico\/"},"modified":"2025-12-02T22:01:02","modified_gmt":"2025-12-02T22:01:02","slug":"seminarios-de-ingles-tecnico","status":"publish","type":"page","link":"https:\/\/linqlanguage.es\/en\/seminarios-de-ingles-tecnico\/","title":{"rendered":"Seminarios de ingl\u00e9s tecnico"},"content":{"rendered":"<p>[vc_row awb_type=&#8221;image&#8221; awb_image_background_position=&#8221;50% 50%&#8221; awb_image=&#8221;3561&#8243;][vc_column][vc_empty_space height=&#8221;260px&#8221;][\/vc_column][\/vc_row][vc_row foundry_padding=&#8221;pt0 pb0&#8243; css=&#8221;.vc_custom_1694781902560{padding-top: 40px !important;}&#8221;][vc_column][vc_column_text css=&#8221;.vc_custom_1695584846566{padding-top: 25px !important;padding-bottom: 25px !important;}&#8221;]<\/p>\n<h1 style=\"text-align: center;\">Seminarios de ingl\u00e9s profesional en Barcelona.<\/h1>\n<h4 style=\"text-align: center;\">Nuestros seminarios tendr\u00e1n lugar los s\u00e1bados en el centro de Barcelona.<\/h4>\n<p style=\"text-align: center;\">Cada s\u00e1bado, el workshop estar\u00e1 dedicado a un \u00e1rea espec\u00edfica del ingl\u00e9s de negocios, tales como ingl\u00e9s jur\u00eddico, ingl\u00e9s para marketing, ingl\u00e9s para el turismo, la industria farmac\u00e9utica o la industria financiera.<\/p>\n<p style=\"text-align: center;\">Los workshops ser\u00e1n impartidos a peque\u00f1os grupos de estudiantes por profesores nativos con un alto nivel de profesionalidad que regularmente ofrecen clases a varias empresas de alto perfil en Barcelona.<\/p>\n<p style=\"text-align: center;\">Tambi\u00e9n ofrecemos la posibilidad de dise\u00f1ar seminarios espec\u00edficos que se adapten a las necesidades de su empresa y que se lleven a cabo ya sea en nuestra escuela en Barcelona o en su propia empresa.<\/p>\n<p>[\/vc_column_text][\/vc_column][\/vc_row][vc_row css=&#8221;.vc_custom_1695849668075{background-image: url(https:\/\/linqlanguage.es\/wp-content\/uploads\/2023\/09\/letter-bg.jpg?id=3748) !important;background-position: 0 0 !important;background-repeat: no-repeat !important;}&#8221;][vc_column][vc_row_inner][vc_column_inner width=&#8221;1\/3&#8243;][vc_single_image image=&#8221;3792&#8243; img_size=&#8221;full&#8221; alignment=&#8221;center&#8221;][vc_column_text]<\/p>\n<h4 style=\"text-align: center;\">\u00a0<span style=\"color: #ffffff;\">4\/5 horas de ingl\u00e9s profesional para fines espec\u00edficos<\/span><\/h4>\n<p>[\/vc_column_text][\/vc_column_inner][vc_column_inner width=&#8221;1\/3&#8243;][vc_single_image image=&#8221;3792&#8243; img_size=&#8221;full&#8221; alignment=&#8221;center&#8221;][vc_column_text]<\/p>\n<h4 style=\"text-align: center;\">\u00a0<span style=\"color: #ffffff;\">Profesores nativos<\/span><\/h4>\n<p>[\/vc_column_text][\/vc_column_inner][vc_column_inner width=&#8221;1\/3&#8243;][vc_single_image image=&#8221;3792&#8243; img_size=&#8221;full&#8221; alignment=&#8221;center&#8221;][vc_column_text]<\/p>\n<h4 style=\"text-align: center;\">\u00a0<span style=\"color: #ffffff;\">Se realizan en una escuela de negocios en el centro de Barcelona<\/span><\/h4>\n<p>[\/vc_column_text][\/vc_column_inner][\/vc_row_inner][vc_row_inner][vc_column_inner width=&#8221;1\/3&#8243;][vc_single_image image=&#8221;3792&#8243; img_size=&#8221;full&#8221; alignment=&#8221;center&#8221;][vc_column_text]<\/p>\n<h4 style=\"text-align: center;\">\u00a0<span style=\"color: #ffffff;\">Aulas completamente equipadas con WiFi, proyectores y audio<\/span><\/h4>\n<p>[\/vc_column_text][\/vc_column_inner][vc_column_inner width=&#8221;1\/3&#8243;][vc_single_image image=&#8221;3792&#8243; img_size=&#8221;full&#8221; alignment=&#8221;center&#8221;][vc_column_text]<\/p>\n<h4 style=\"text-align: center;\">\u00a0<span style=\"color: #ffffff;\">Sala de recursos y biblioteca<\/span><\/h4>\n<p>[\/vc_column_text][\/vc_column_inner][vc_column_inner width=&#8221;1\/3&#8243;][vc_single_image image=&#8221;3792&#8243; img_size=&#8221;full&#8221; alignment=&#8221;center&#8221;][vc_column_text]<\/p>\n<h4 style=\"text-align: center;\">\u00a0<span style=\"color: #ffffff;\">\u00c1rea de networking con caf\u00e9 y refrescos<\/span><\/h4>\n<p>[\/vc_column_text][\/vc_column_inner][\/vc_row_inner][\/vc_column][\/vc_row][vc_row foundry_padding=&#8221;pt0 pb0&#8243; css=&#8221;.vc_custom_1694781902560{padding-top: 40px !important;}&#8221;][vc_column][vc_row_inner][vc_column_inner width=&#8221;1\/2&#8243;][vc_column_text]<\/p>\n<h4 class=\"vc_custom_heading font-weight-bold align-left\">1: <span style=\"color: #ea267b;\">Workshop Ingl\u00e9s para Hosteler\u00eda.<\/span><\/h4>\n<div class=\"wpb_text_column wpb_content_element \">\n<div class=\"wpb_wrapper\">\n<p><i>Workshop<\/i>\u00a0con f\u00f3rmulas b\u00e1sicas de comunicaci\u00f3n usando\u00a0<i>role plays<\/i>, actividades de comprensi\u00f3n auditiva y materiales de interacci\u00f3n comunicativa, : servicios y responsabilidades, recibir, atender y ayudar a clientes, comidas y bebidas b\u00e1sicas, tomar nota del men\u00fa, sugerir y recomendar, hacer reservas, atender quejas y reclamaciones, pedir y dar la cuenta, etc.<\/p>\n<p>Un\u00a0<i>workshop<\/i>\u00a0muy pr\u00e1ctico para profesionales que trabajan de cara al p\u00fablico de otras nacionalidades en hoteles, restaurantes, bares y turismo<b>.<\/b><\/p>\n<p><b>\u00a0<\/b><b>Nivel m\u00ednima de ingl\u00e9s para asistir al seminario:<\/b>\u00a0intermedio (B1)*<\/div>\n<\/div>\n<p>[\/vc_column_text][vc_separator color=&#8221;custom&#8221; accent_color=&#8221;#292929&#8243;][\/vc_column_inner][vc_column_inner width=&#8221;1\/2&#8243;][vc_column_text]<\/p>\n<h4 class=\"vc_custom_heading font-weight-bold align-left\">2: <span style=\"color: #ea267b;\">Workshop Ingl\u00e9s para Enfermer\u00eda.<\/span><\/h4>\n<div class=\"wpb_text_column wpb_content_element \">\n<div class=\"wpb_wrapper\">\n<p>Nuestro\u00a0<i>workshop<\/i>\u00a0de ingl\u00e9s para enfermer\u00eda incluye el estudio de las principales \u00a0herramientas \u00a0que le posibilitar\u00e1n al alumno enfrentar la\u00a0<b>comunicaci\u00f3n<\/b>\u00a0con el\u00a0paciente,\u00a0 entre otras habilidades. Con un \u00e9nfasis en la comprensi\u00f3n y expresi\u00f3n oral, el\u00a0<i>workshop\u00a0<\/i>cubre las \u00e1reas principales de la enfermer\u00eda; como la admisi\u00f3n del paciente y el traslado del mismo, la toma de muestras m\u00e9dicas, la evaluaci\u00f3n posterior a la intervenci\u00f3n quir\u00fargica y la planificaci\u00f3n del alta.<\/p>\n<p><b>Nivel m\u00ednima de ingl\u00e9s para asistir al seminario:<\/b>\u00a0intermedio (B1)*<\/div>\n<\/div>\n<p>[\/vc_column_text][vc_separator color=&#8221;custom&#8221; accent_color=&#8221;#292929&#8243;][\/vc_column_inner][\/vc_row_inner][vc_row_inner][vc_column_inner width=&#8221;1\/2&#8243;][vc_column_text]<\/p>\n<h4 class=\"vc_custom_heading font-weight-bold align-left\">3: <span style=\"color: #ea267b;\">Workshop Ingl\u00e9s Administrativo.<\/span><\/h4>\n<div class=\"wpb_text_column wpb_content_element \">\n<div class=\"wpb_wrapper\">\n<p>Este curso est\u00e1 dise\u00f1ado para secretarias y recepcionistas que necesitan mejorar sus habilidades en ingl\u00e9s con el fin de trabajar de manera m\u00e1s eficaz en un entorno internacional.<\/p>\n<p>Con un \u00e9nfasis en la comprensi\u00f3n y expresi\u00f3n oral, el\u00a0<i>workshop\u00a0<\/i>cubre las \u00e1reas principales como; llamar por tel\u00e9fono, correspondencia de negocios incluyendo la escritura de cartas, correos electr\u00f3nicos y faxes, \u00a0el trato con los clientes y coordinar el horario de trabajo.<\/p>\n<p><b>Nivel m\u00ednima de ingl\u00e9s para asistir al seminario:\u00a0<\/b>intermedio (B1)*<\/div>\n<\/div>\n<p>[\/vc_column_text][vc_separator color=&#8221;custom&#8221; accent_color=&#8221;#292929&#8243;][\/vc_column_inner][vc_column_inner width=&#8221;1\/2&#8243;][vc_column_text]<\/p>\n<h4 class=\"vc_custom_heading font-weight-bold align-left\">4: <span style=\"color: #ea267b;\">Workshop Ingl\u00e9s Empresarial.<\/span><\/h4>\n<div class=\"wpb_text_column wpb_content_element \">\n<div class=\"wpb_wrapper\">\n<p>En este\u00a0<i>workshop<\/i>\u00a0aprender\u00e1 a expresarse con m\u00e1s fluidez y confianza en respecto a la comunicaci\u00f3n con los clientes y compa\u00f1eros de trabajo en diferentes niveles y en diferentes situaciones de trabajo .<\/p>\n<p>Con un \u00e9nfasis en la comprensi\u00f3n y expresi\u00f3n oral, el\u00a0<i>workshop\u00a0<\/i>cubre los siguientes temas:<\/p>\n<p>Negociar y persuadir, \u00a0participar en las reuniones , habilidades de presentaci\u00f3n y redacci\u00f3n de informes , correos electr\u00f3nicos y documentos de la empresa.<\/p>\n<p><b>Nivel m\u00ednima de ingl\u00e9s para asistir al seminario:<\/b>\u00a0intermedio alto (B2)*<\/div>\n<\/div>\n<p>[\/vc_column_text][vc_separator color=&#8221;custom&#8221; accent_color=&#8221;#292929&#8243;][\/vc_column_inner][\/vc_row_inner][\/vc_column][\/vc_row][vc_row foundry_padding=&#8221;pt0 pb0&#8243; css=&#8221;.vc_custom_1695849505373{padding-top: 40px !important;padding-bottom: 40px !important;background-image: url(https:\/\/linqlanguage.es\/wp-content\/uploads\/2023\/09\/letter-bg.jpg?id=3748) !important;}&#8221;][vc_column width=&#8221;1\/2&#8243;][vc_column_text]<\/p>\n<h4 style=\"text-align: left;\">&#8211; Contact Us<\/h4>\n<hr \/>\n<p>[\/vc_column_text][vc_row_inner][vc_column_inner width=&#8221;1\/2&#8243;][vc_column_text]<\/p>\n<h4 class=\"vc_custom_heading m-b-xs align-left\">Call LINQ<\/h4>\n<div class=\"wpb_text_column wpb_content_element m-b-md\">\n<div class=\"wpb_wrapper\"><a class=\"text-decoration-none\" title=\"Ll\u00e1manos ahora\" href=\"tel:+34698470851\" target=\"_blank\" rel=\"noopener\"><span class=\"custom-call-to-action-2 text-color-light text-sm custom-opacity-font\">Tel: <span class=\"info text-lg\">0034 698 470 851<\/span><\/span><\/a><\/div>\n<\/div>\n<div class=\"wpb_text_column wpb_content_element \">\n<div class=\"wpb_wrapper\"><\/div>\n<\/div>\n<p>[\/vc_column_text][\/vc_column_inner][vc_column_inner width=&#8221;1\/2&#8243;][vc_column_text]<\/p>\n<h4 class=\"vc_custom_heading m-b-xs align-left\">E-Mail LINQ<\/h4>\n<div class=\"wpb_text_column wpb_content_element \">\n<div class=\"wpb_wrapper\"><a class=\"text-decoration-none\" title=\"Call Us\" href=\"https:\/\/linqlanguage.es\/info@linqlanguage.es\" target=\"_blank\" rel=\"noopener\"><span class=\"custom-call-to-action-2 text-color-light text-sm custom-opacity-font\"><span class=\"info text-lg\">info@linqlanguage.es<\/span><\/span><\/a><\/div>\n<\/div>\n<p>[\/vc_column_text][\/vc_column_inner][\/vc_row_inner][vc_separator color=&#8221;white&#8221;][vc_row_inner][vc_column_inner][vc_column_text]<\/p>\n<ul class=\"list-inline social-list\">\n<li>\n<h4>Social Media<\/h4>\n<\/li>\n<li><a href=\"https:\/\/www.instagram.com\/linqlanguage\/?hl=es\" target=\"_blank\" rel=\"noopener\"><br \/>\n<i class=\"ti-instagram\"><\/i><br \/>\n<\/a><\/li>\n<li><a href=\"https:\/\/www.facebook.com\/profile.php?id=100036881421424\" target=\"_blank\" rel=\"noopener\"><br \/>\n<i class=\"ti-facebook\"><\/i><br \/>\n<\/a><\/li>\n<li><a href=\"https:\/\/youtube.com\/channel\/UCv9cSPawMpY2s91No6Po46A\" target=\"_blank\" rel=\"noopener\"><br \/>\n<i class=\"ti-youtube\"><\/i><br \/>\n<\/a><\/li>\n<\/ul>\n<p>[\/vc_column_text][vc_separator color=&#8221;white&#8221;][\/vc_column_inner][\/vc_row_inner][vc_empty_space height=&#8221;40px&#8221; el_class=&#8221;vc_hidden-sm vc_hidden-xs&#8221;][vc_video link=&#8221;https:\/\/www.youtube.com\/watch?v=-ROXE1iDC_Y&#8221;][\/vc_column][vc_column width=&#8221;1\/2&#8243;][vc_column_text]<\/p>\n<h4 style=\"text-align: left;\">&#8211; Message LINQ<\/h4>\n<hr \/>\n<p>[\/vc_column_text][vc_column_text]If you&#8217;re interested in one of\u00a0<strong>LINQlanguage<\/strong>&#8216;s courses, please fill in the form below. We will get back to you within 24 hours.<\/p>\n<h4 style=\"text-align: left;\"><\/h4>\n<p>[\/vc_column_text]\n<div class=\"wpcf7 no-js\" id=\"wpcf7-f3960-o1\" lang=\"en\" dir=\"ltr\">\n<div class=\"screen-reader-response\"><p role=\"status\" aria-live=\"polite\" aria-atomic=\"true\"><\/p> <ul><\/ul><\/div>\n<form action=\"\/en\/wp-json\/wp\/v2\/pages\/3955#wpcf7-f3960-o1\" method=\"post\" class=\"wpcf7-form init\" aria-label=\"Contact form\" novalidate=\"novalidate\" data-status=\"init\">\n<div style=\"display: none;\">\n<input type=\"hidden\" name=\"_wpcf7\" value=\"3960\" \/>\n<input type=\"hidden\" name=\"_wpcf7_version\" value=\"5.9.8\" \/>\n<input type=\"hidden\" name=\"_wpcf7_locale\" value=\"en\" \/>\n<input type=\"hidden\" name=\"_wpcf7_unit_tag\" value=\"wpcf7-f3960-o1\" \/>\n<input type=\"hidden\" name=\"_wpcf7_container_post\" value=\"0\" \/>\n<input type=\"hidden\" name=\"_wpcf7_posted_data_hash\" value=\"\" \/>\n<\/div>\n<div class=\"form-group\">\n\t<div class=\"custom-input-box\">\n\t\t<p><i class=\"Simple-Line-Icons-user\"><\/i><span class=\"wpcf7-form-control-wrap\" data-name=\"your-name\"><input size=\"40\" maxlength=\"400\" class=\"wpcf7-form-control wpcf7-text wpcf7-validates-as-required form-control\" aria-required=\"true\" aria-invalid=\"false\" placeholder=\"Name*\" value=\"\" type=\"text\" name=\"your-name\" \/><\/span>\n\t\t<\/p>\n\t<\/div>\n<\/div>\n<div class=\"form-group\">\n\t<div class=\"custom-input-box\">\n\t\t<p><i class=\"Simple-Line-Icons-envelope\"><\/i><span class=\"wpcf7-form-control-wrap\" data-name=\"your-email\"><input size=\"40\" maxlength=\"400\" class=\"wpcf7-form-control wpcf7-email wpcf7-validates-as-required wpcf7-text wpcf7-validates-as-email form-control\" aria-required=\"true\" aria-invalid=\"false\" placeholder=\"Email*\" value=\"\" type=\"email\" name=\"your-email\" \/><\/span>\n\t\t<\/p>\n\t<\/div>\n<\/div>\n<div class=\"form-group\">\n\t<div class=\"custom-input-box\">\n\t\t<p><i class=\"Simple-Line-Icons-phone\"><\/i><span class=\"wpcf7-form-control-wrap\" data-name=\"your-phone\"><input size=\"40\" maxlength=\"400\" class=\"wpcf7-form-control wpcf7-tel wpcf7-validates-as-required wpcf7-text wpcf7-validates-as-tel form-control\" aria-required=\"true\" aria-invalid=\"false\" placeholder=\"Tel*\" value=\"\" type=\"tel\" name=\"your-phone\" \/><\/span>\n\t\t<\/p>\n\t<\/div>\n<\/div>\n<div class=\"form-group\">\n\t<div class=\"custom-input-box\">\n\t\t<p><i class=\"Simple-Line-Icons-bubble\"><\/i><span class=\"wpcf7-form-control-wrap\" data-name=\"your-message\"><textarea cols=\"40\" rows=\"10\" maxlength=\"2000\" class=\"wpcf7-form-control wpcf7-textarea wpcf7-validates-as-required form-control\" aria-required=\"true\" aria-invalid=\"false\" placeholder=\"Message*\" name=\"your-message\"><\/textarea><\/span>\n\t\t<\/p>\n\t<\/div>\n<\/div>\n<div class=\"form-group\">\n\t<p>Interesado (a) en mejorar:<br \/>\n<span class=\"wpcf7-form-control-wrap\" data-name=\"interested-in\"><span class=\"wpcf7-form-control wpcf7-checkbox wpcf7-validates-as-required\"><span class=\"wpcf7-list-item first\"><input type=\"checkbox\" name=\"interested-in[]\" value=\"English\" \/><span class=\"wpcf7-list-item-label\">English<\/span><\/span><span class=\"wpcf7-list-item\"><input type=\"checkbox\" name=\"interested-in[]\" value=\"German\" \/><span class=\"wpcf7-list-item-label\">German<\/span><\/span><span class=\"wpcf7-list-item\"><input type=\"checkbox\" name=\"interested-in[]\" value=\"Spanish\" \/><span class=\"wpcf7-list-item-label\">Spanish<\/span><\/span><span class=\"wpcf7-list-item last\"><input type=\"checkbox\" name=\"interested-in[]\" value=\"French\" \/><span class=\"wpcf7-list-item-label\">French<\/span><\/span><\/span><\/span>\n\t<\/p>\n<\/div>\n<div class=\"form-group\">\n\t<p><span class=\"wpcf7-form-control-wrap\" data-name=\"checkbox-676\"><span class=\"wpcf7-form-control wpcf7-checkbox wpcf7-validates-as-required\"><span class=\"wpcf7-list-item first last\"><input type=\"checkbox\" name=\"checkbox-676[]\" value=\"Click here to consent to our cookies and privacy policy.\" \/><span class=\"wpcf7-list-item-label\">Click here to consent to our cookies and privacy policy.<\/span><\/span><\/span><\/span>\n\t<\/p>\n<\/div>\n<div class=\"submit-btn\">\n\t<p><input class=\"wpcf7-form-control wpcf7-submit has-spinner\" type=\"submit\" value=\"Send\" \/>\n\t<\/p>\n<\/div><div class=\"wpcf7-response-output\" aria-hidden=\"true\"><\/div>\n<\/form>\n<\/div>\n[\/vc_column][\/vc_row]<\/p>\n","protected":false},"excerpt":{"rendered":"<p>[vc_row awb_type=&#8221;image&#8221; awb_image_background_position=&#8221;50% 50%&#8221; awb_image=&#8221;3561&#8243;][vc_column][vc_empty_space height=&#8221;260px&#8221;][\/vc_column][\/vc_row][vc_row foundry_padding=&#8221;pt0 pb0&#8243; css=&#8221;.vc_custom_1694781902560{padding-top: 40px !important;}&#8221;][vc_column][vc_column_text css=&#8221;.vc_custom_1695584846566{padding-top: 25px !important;padding-bottom: 25px !important;}&#8221;] Seminarios de ingl\u00e9s profesional en&#8230;<\/p>\n","protected":false},"author":1,"featured_media":0,"parent":0,"menu_order":0,"comment_status":"closed","ping_status":"closed","template":"","meta":{"footnotes":""},"class_list":["post-3955","page","type-page","status-publish","hentry"],"_links":{"self":[{"href":"https:\/\/linqlanguage.es\/en\/wp-json\/wp\/v2\/pages\/3955","targetHints":{"allow":["GET"]}}],"collection":[{"href":"https:\/\/linqlanguage.es\/en\/wp-json\/wp\/v2\/pages"}],"about":[{"href":"https:\/\/linqlanguage.es\/en\/wp-json\/wp\/v2\/types\/page"}],"author":[{"embeddable":true,"href":"https:\/\/linqlanguage.es\/en\/wp-json\/wp\/v2\/users\/1"}],"replies":[{"embeddable":true,"href":"https:\/\/linqlanguage.es\/en\/wp-json\/wp\/v2\/comments?post=3955"}],"version-history":[{"count":2,"href":"https:\/\/linqlanguage.es\/en\/wp-json\/wp\/v2\/pages\/3955\/revisions"}],"predecessor-version":[{"id":4475,"href":"https:\/\/linqlanguage.es\/en\/wp-json\/wp\/v2\/pages\/3955\/revisions\/4475"}],"wp:attachment":[{"href":"https:\/\/linqlanguage.es\/en\/wp-json\/wp\/v2\/media?parent=3955"}],"curies":[{"name":"wp","href":"https:\/\/api.w.org\/{rel}","templated":true}]}}