{"id":4413,"date":"2025-07-10T13:19:43","date_gmt":"2025-07-10T13:19:43","guid":{"rendered":"https:\/\/linqlanguage.es\/?page_id=4413"},"modified":"2025-12-02T21:10:16","modified_gmt":"2025-12-02T21:10:16","slug":"bonificacion-fundae","status":"publish","type":"page","link":"https:\/\/linqlanguage.es\/en\/bonificacion-fundae\/","title":{"rendered":"Bonificaci\u00f3n FUNDAE"},"content":{"rendered":"<p>[vc_row awb_type=&#8221;image&#8221; awb_image_background_position=&#8221;50% 50%&#8221; awb_image=&#8221;4414&#8243;][vc_column][vc_empty_space height=&#8221;260px&#8221;][\/vc_column][\/vc_row][vc_row foundry_padding=&#8221;pt0 pb0&#8243; css=&#8221;.vc_custom_1695597018797{padding-top: 40px !important;padding-bottom: 40px !important;}&#8221;][vc_column][vc_column_text css=&#8221;.vc_custom_1752153303907{padding-top: 25px !important;padding-bottom: 25px !important;}&#8221;]<\/p>\n<h2 style=\"text-align: center;\">\u00bfSab\u00edas que puedes formar a tu equipo sin coste gracias a FUNDAE?<\/h2>\n<p>En LINQ Language, te ayudamos a aprovechar el cr\u00e9dito formativo disponible para tu empresa a trav\u00e9s de la Fundaci\u00f3n Estatal (FUNDAE). Nos encargamos de <strong>toda la gesti\u00f3n administrativa<\/strong>, desde el c\u00e1lculo del cr\u00e9dito hasta la justificaci\u00f3n final, para que t\u00fa solo te preocupes por lo importante: <strong>formar a tu equipo<\/strong>.<\/p>\n<p style=\"text-align: center;\">Trabajamos junto a <strong>expertos en FUNDAE<\/strong> y acompa\u00f1amos a tu departamento de RRHH durante todo el proceso. Ya sea para clases de ingl\u00e9s, alem\u00e1n, catal\u00e1n, franc\u00e9s, espa\u00f1ol\u00a0 o cualquier otro idioma, <strong>podemos ayudarte a financiar tu formaci\u00f3n sin complicaciones<\/strong>.<\/p>\n<p>[\/vc_column_text][vc_separator color=&#8221;custom&#8221; accent_color=&#8221;#292929&#8243;][\/vc_column][\/vc_row][vc_row foundry_padding=&#8221;pt0 pb0&#8243; css=&#8221;.vc_custom_1695849518473{padding-top: 40px !important;padding-bottom: 40px !important;background-image: url(https:\/\/linqlanguage.es\/wp-content\/uploads\/2023\/09\/letter-bg.jpg?id=3748) !important;}&#8221;][vc_column width=&#8221;1\/2&#8243;][vc_column_text]<\/p>\n<h4 style=\"text-align: left;\">&#8211; Escribenos<\/h4>\n<hr \/>\n<p>[\/vc_column_text][vc_column_text]Si est\u00e1 interesado en uno de los cursos de LINQlanguage, haga clic en el bot\u00f3n a continuaci\u00f3n para solicitar m\u00e1s informaci\u00f3n. Te responderemos en un plazo de 24 horas.[\/vc_column_text][vc_row_inner][vc_column_inner][vc_column_text]<\/p>\n<p style=\"text-align: left;\"><a class=\"btn\" href=\"mailto:info@linqlanguage.es?subject=Interesado (a) en mejorar: Ingl\u00e9s\">Interesado (a) en mejorar: Ingl\u00e9s.<\/a><\/p>\n<p>[\/vc_column_text][vc_column_text]<\/p>\n<p style=\"text-align: left;\"><a class=\"btn\" href=\"mailto:info@linqlanguage.es?subject=Interesado (a) en mejorar: Alem\u00e1n\">Interesado (a) en mejorar: Alem\u00e1n<\/a><\/p>\n<p>[\/vc_column_text][vc_column_text]<\/p>\n<p style=\"text-align: left;\"><a class=\"btn\" href=\"mailto:info@linqlanguage.es?subject=Interesado (a) en mejorar: Espa\u00f1ol\">Interesado (a) en mejorar: Espa\u00f1ol<\/a><\/p>\n<p>[\/vc_column_text][vc_column_text]<\/p>\n<p style=\"text-align: left;\"><a class=\"btn\" href=\"mailto:info@linqlanguage.es?subject=Interesado (a) en mejorar: Franc\u00e9s\">Interesado (a) en mejorar: Franc\u00e9s<\/a><\/p>\n<p>[\/vc_column_text][\/vc_column_inner][\/vc_row_inner][vc_separator color=&#8221;white&#8221;][\/vc_column][vc_column width=&#8221;1\/2&#8243;][vc_column_text]<\/p>\n<h4 style=\"text-align: left;\">&#8211; Cont\u00e1ctenos<\/h4>\n<hr \/>\n<p>[\/vc_column_text][vc_row_inner][vc_column_inner width=&#8221;1\/2&#8243;][vc_column_text]<\/p>\n<h4 class=\"vc_custom_heading m-b-xs align-left\">Ll\u00e1menos<\/h4>\n<div class=\"wpb_text_column wpb_content_element m-b-md\">\n<div class=\"wpb_wrapper\"><a class=\"text-decoration-none\" title=\"Ll\u00e1manos ahora\" href=\"tel:+34698470851\" target=\"_blank\" rel=\"noopener\"><span class=\"custom-call-to-action-2 text-color-light text-sm custom-opacity-font\">Tel: <span class=\"info text-lg\">0034 698 470 851<\/span><\/span><\/a><\/div>\n<\/div>\n<div class=\"wpb_text_column wpb_content_element \">\n<div class=\"wpb_wrapper\"><\/div>\n<\/div>\n<p>[\/vc_column_text][\/vc_column_inner][vc_column_inner width=&#8221;1\/2&#8243;][vc_column_text]<\/p>\n<h4 class=\"vc_custom_heading m-b-xs align-left\">E-Mail LINQ<\/h4>\n<div class=\"wpb_text_column wpb_content_element \">\n<div class=\"wpb_wrapper\"><a class=\"text-decoration-none\" title=\"Call Us\" href=\"https:\/\/linqlanguage.es\/info@linqlanguage.es\" target=\"_blank\" rel=\"noopener\"><span class=\"custom-call-to-action-2 text-color-light text-sm custom-opacity-font\"><span class=\"info text-lg\">info@linqlanguage.es<\/span><\/span><\/a><\/div>\n<\/div>\n<p>[\/vc_column_text][\/vc_column_inner][\/vc_row_inner][vc_separator color=&#8221;white&#8221;][vc_column_text]<\/p>\n<ul class=\"list-inline social-list\">\n<li>\n<h4>Social Media<\/h4>\n<\/li>\n<li><a href=\"https:\/\/www.instagram.com\/linqlanguage\/?hl=es\" target=\"_blank\" rel=\"noopener\"><br \/>\n<i class=\"ti-instagram\"><\/i><br \/>\n<\/a><\/li>\n<li><a href=\"https:\/\/www.facebook.com\/profile.php?id=100036881421424\" target=\"_blank\" rel=\"noopener\"><br \/>\n<i class=\"ti-facebook\"><\/i><br \/>\n<\/a><\/li>\n<li><a href=\"https:\/\/youtube.com\/channel\/UCv9cSPawMpY2s91No6Po46A\" target=\"_blank\" rel=\"noopener\"><br \/>\n<i class=\"ti-youtube\"><\/i><br \/>\n<\/a><\/li>\n<\/ul>\n<p>[\/vc_column_text][vc_row_inner][vc_column_inner][vc_video link=&#8221;https:\/\/www.youtube.com\/watch?v=-ROXE1iDC_Y&#8221;][\/vc_column_inner][\/vc_row_inner][\/vc_column][\/vc_row]<\/p>\n","protected":false},"excerpt":{"rendered":"<p>[vc_row awb_type=&#8221;image&#8221; awb_image_background_position=&#8221;50% 50%&#8221; awb_image=&#8221;4414&#8243;][vc_column][vc_empty_space height=&#8221;260px&#8221;][\/vc_column][\/vc_row][vc_row foundry_padding=&#8221;pt0 pb0&#8243; css=&#8221;.vc_custom_1695597018797{padding-top: 40px !important;padding-bottom: 40px !important;}&#8221;][vc_column][vc_column_text css=&#8221;.vc_custom_1752153303907{padding-top: 25px !important;padding-bottom: 25px !important;}&#8221;] \u00bfSab\u00edas que puedes&#8230;<\/p>\n","protected":false},"author":1,"featured_media":0,"parent":0,"menu_order":0,"comment_status":"closed","ping_status":"closed","template":"","meta":{"footnotes":""},"class_list":["post-4413","page","type-page","status-publish","hentry"],"_links":{"self":[{"href":"https:\/\/linqlanguage.es\/en\/wp-json\/wp\/v2\/pages\/4413","targetHints":{"allow":["GET"]}}],"collection":[{"href":"https:\/\/linqlanguage.es\/en\/wp-json\/wp\/v2\/pages"}],"about":[{"href":"https:\/\/linqlanguage.es\/en\/wp-json\/wp\/v2\/types\/page"}],"author":[{"embeddable":true,"href":"https:\/\/linqlanguage.es\/en\/wp-json\/wp\/v2\/users\/1"}],"replies":[{"embeddable":true,"href":"https:\/\/linqlanguage.es\/en\/wp-json\/wp\/v2\/comments?post=4413"}],"version-history":[{"count":4,"href":"https:\/\/linqlanguage.es\/en\/wp-json\/wp\/v2\/pages\/4413\/revisions"}],"predecessor-version":[{"id":4468,"href":"https:\/\/linqlanguage.es\/en\/wp-json\/wp\/v2\/pages\/4413\/revisions\/4468"}],"wp:attachment":[{"href":"https:\/\/linqlanguage.es\/en\/wp-json\/wp\/v2\/media?parent=4413"}],"curies":[{"name":"wp","href":"https:\/\/api.w.org\/{rel}","templated":true}]}}